{"id":2657,"date":"2022-02-09T21:31:28","date_gmt":"2022-02-09T21:31:28","guid":{"rendered":"http:\/\/pfadiorionbiel.ch\/participer-maintenant\/"},"modified":"2023-03-11T17:52:22","modified_gmt":"2023-03-11T17:52:22","slug":"participer-maintenant","status":"publish","type":"page","link":"https:\/\/pfadiorionbiel.ch\/fr\/participer-maintenant\/","title":{"rendered":"Participer maintenant"},"content":{"rendered":"\t\t<div data-elementor-type=\"wp-page\" data-elementor-id=\"2657\" class=\"elementor elementor-2657 elementor-1404\" data-elementor-post-type=\"page\">\n\t\t\t\t\t\t<section class=\"elementor-section elementor-top-section elementor-element elementor-element-e012a21 elementor-section-boxed elementor-section-height-default elementor-section-height-default\" data-id=\"e012a21\" data-element_type=\"section\" data-e-type=\"section\">\n\t\t\t\t\t\t<div class=\"elementor-container elementor-column-gap-default\">\n\t\t\t\t\t<div class=\"elementor-column elementor-col-100 elementor-top-column elementor-element elementor-element-0550aa7\" data-id=\"0550aa7\" data-element_type=\"column\" data-e-type=\"column\">\n\t\t\t<div class=\"elementor-widget-wrap elementor-element-populated\">\n\t\t\t\t\t\t<div class=\"elementor-element elementor-element-6f1e450 elementor-widget elementor-widget-heading\" data-id=\"6f1e450\" data-element_type=\"widget\" data-e-type=\"widget\" data-widget_type=\"heading.default\">\n\t\t\t\t<div class=\"elementor-widget-container\">\n\t\t\t\t\t<h2 class=\"elementor-heading-title elementor-size-default\">Bienvenue<\/h2>\t\t\t\t<\/div>\n\t\t\t\t<\/div>\n\t\t\t\t<div class=\"elementor-element elementor-element-1f47824 elementor-widget elementor-widget-text-editor\" data-id=\"1f47824\" data-element_type=\"widget\" data-e-type=\"widget\" data-widget_type=\"text-editor.default\">\n\t\t\t\t<div class=\"elementor-widget-container\">\n\t\t\t\t\t\t\t\t\t<p>Tu aimes courir dehors, tu veux rencontrer des gens de ton \u00e2ge et cela ne te d\u00e9range pas de te salir de temps en temps ? Alors le scoutisme est fait pour toi! En plus des activit\u00e9s de 3 heures qui ont lieu presque tous les samedis apr\u00e8s-midi, des camps et des week-ends sont organis\u00e9s tout au long de l&rsquo;ann\u00e9e, ainsi que d&rsquo;autres \u00e9v\u00e9nements sp\u00e9ciaux.  <\/p>\n<p>Chez nous, tous les enfants peuvent participer \u00e0 partir de 5 ans. Afin de r\u00e9pondre aux besoins de tous les enfants et adolescents, il existe quatre groupes diff\u00e9rents dans le scoutisme, appel\u00e9s aussi branches scoutes. Chaque niveau comprend des enfants ou des jeunes d&rsquo;un certain \u00e2ge :  <\/p>\n<p><strong>Castors : 5 &#8211; 6 ans<\/strong><\/p>\n<p><strong>Louvetaux : 7 &#8211; 11 ans<\/strong><\/p>\n<p><strong>\u00c9clais : 12 &#8211; 16 ans<\/strong><\/p>\n<p><strong>Rover : d\u00e8s 16 ans<\/strong><\/p>\n<p>Chaque niveau a ses propres moniteurs et monitrices, qui \u00e9laborent un programme adapt\u00e9 \u00e0 leur groupe d&rsquo;\u00e2ge. <\/p>\n<p>Tu trouveras une description des diverses branches en cliquant sur \u00ab\u00a0Vers les branches scoutes\u00a0\u00bb. Les coordonn\u00e9es des responsables de chaque niveau y sont \u00e9galement indiqu\u00e9es. Si tu veux passer jeter un coup d&rsquo;oeil, il te suffit de contacter le ou la responsable du niveau correspondant.&nbsp;<\/p><p>A bient\u00f4t !<\/p>\t\t\t\t\t\t\t\t<\/div>\n\t\t\t\t<\/div>\n\t\t\t\t\t<\/div>\n\t\t<\/div>\n\t\t\t\t\t<\/div>\n\t\t<\/section>\n\t\t\t\t<section class=\"elementor-section elementor-top-section elementor-element elementor-element-c49e483 elementor-section-boxed elementor-section-height-default elementor-section-height-default\" data-id=\"c49e483\" data-element_type=\"section\" data-e-type=\"section\">\n\t\t\t\t\t\t<div class=\"elementor-container elementor-column-gap-default\">\n\t\t\t\t\t<div class=\"elementor-column elementor-col-33 elementor-top-column elementor-element elementor-element-a84cf49\" data-id=\"a84cf49\" data-element_type=\"column\" data-e-type=\"column\">\n\t\t\t<div class=\"elementor-widget-wrap\">\n\t\t\t\t\t\t\t<\/div>\n\t\t<\/div>\n\t\t\t\t<div class=\"elementor-column elementor-col-33 elementor-top-column elementor-element elementor-element-28c6388\" data-id=\"28c6388\" data-element_type=\"column\" data-e-type=\"column\">\n\t\t\t<div class=\"elementor-widget-wrap elementor-element-populated\">\n\t\t\t\t\t\t<div class=\"elementor-element elementor-element-d39e88a elementor-cta--skin-cover elementor-animated-content elementor-bg-transform elementor-bg-transform-zoom-in elementor-widget elementor-widget-call-to-action\" data-id=\"d39e88a\" data-element_type=\"widget\" data-e-type=\"widget\" data-widget_type=\"call-to-action.default\">\n\t\t\t\t<div class=\"elementor-widget-container\">\n\t\t\t\t\t\t\t<a class=\"elementor-cta\" href=\"https:\/\/pfadiorionbiel.ch\/fr\/niveaux-scouts\/\">\n\t\t\t\t\t<div class=\"elementor-cta__bg-wrapper\">\n\t\t\t\t<div class=\"elementor-cta__bg elementor-bg\" style=\"background-image: url(https:\/\/pfadiorionbiel.ch\/wp-content\/uploads\/2022\/02\/Black-is-Back-1024x1024.png);\" role=\"img\" aria-label=\"Black is Back\"><\/div>\n\t\t\t\t<div class=\"elementor-cta__bg-overlay\"><\/div>\n\t\t\t<\/div>\n\t\t\t\t\t\t\t<div class=\"elementor-cta__content\">\n\t\t\t\t\n\t\t\t\t\t\t\t\t\t<h2 class=\"elementor-cta__title elementor-cta__content-item elementor-content-item elementor-animated-item--grow\">\n\t\t\t\t\t\tVers les branches scoutes\t\t\t\t\t<\/h2>\n\t\t\t\t\n\t\t\t\t\n\t\t\t\t\t\t\t<\/div>\n\t\t\t\t\t\t<\/a>\n\t\t\t\t\t\t<\/div>\n\t\t\t\t<\/div>\n\t\t\t\t\t<\/div>\n\t\t<\/div>\n\t\t\t\t<div class=\"elementor-column elementor-col-33 elementor-top-column elementor-element elementor-element-3510c79\" data-id=\"3510c79\" data-element_type=\"column\" data-e-type=\"column\">\n\t\t\t<div class=\"elementor-widget-wrap\">\n\t\t\t\t\t\t\t<\/div>\n\t\t<\/div>\n\t\t\t\t\t<\/div>\n\t\t<\/section>\n\t\t\t\t<\/div>\n\t\t","protected":false},"excerpt":{"rendered":"<p>Bienvenue Tu aimes courir dehors, tu veux rencontrer des gens de ton \u00e2ge et cela ne te d\u00e9range pas de te salir de temps en temps ? Alors le scoutisme est fait pour toi! En plus des activit\u00e9s de 3 heures qui ont lieu presque tous les samedis apr\u00e8s-midi, des&#8230;<\/p>\n","protected":false},"author":1,"featured_media":0,"parent":0,"menu_order":0,"comment_status":"closed","ping_status":"closed","template":"","meta":{"_monsterinsights_skip_tracking":false,"_monsterinsights_sitenote_active":false,"_monsterinsights_sitenote_note":"","_monsterinsights_sitenote_category":0,"footnotes":""},"class_list":["post-2657","page","type-page","status-publish","hentry"],"yoast_head":"<!-- This site is optimized with the Yoast SEO plugin v24.7 - https:\/\/yoast.com\/wordpress\/plugins\/seo\/ -->\n<title>Participer maintenant - Pfadi Orion Biel<\/title>\n<meta name=\"robots\" content=\"index, follow, max-snippet:-1, max-image-preview:large, max-video-preview:-1\" \/>\n<link rel=\"canonical\" href=\"https:\/\/pfadiorionbiel.ch\/fr\/participer-maintenant\/\" \/>\n<meta property=\"og:locale\" content=\"fr_FR\" \/>\n<meta property=\"og:type\" content=\"article\" \/>\n<meta property=\"og:title\" content=\"Participer maintenant - Pfadi Orion Biel\" \/>\n<meta property=\"og:description\" content=\"Bienvenue Tu aimes courir dehors, tu veux rencontrer des gens de ton \u00e2ge et cela ne te d\u00e9range pas de te salir de temps en temps ? Alors le scoutisme est fait pour toi! En plus des activit\u00e9s de 3 heures qui ont lieu presque tous les samedis apr\u00e8s-midi, des...\" \/>\n<meta property=\"og:url\" content=\"https:\/\/pfadiorionbiel.ch\/fr\/participer-maintenant\/\" \/>\n<meta property=\"og:site_name\" content=\"Pfadi Orion Biel\" \/>\n<meta property=\"article:modified_time\" content=\"2023-03-11T17:52:22+00:00\" \/>\n<meta name=\"twitter:card\" content=\"summary_large_image\" \/>\n<meta name=\"twitter:label1\" content=\"Dur\u00e9e de lecture estim\u00e9e\" \/>\n\t<meta name=\"twitter:data1\" content=\"1 minute\" \/>\n<script type=\"application\/ld+json\" class=\"yoast-schema-graph\">{\"@context\":\"https:\/\/schema.org\",\"@graph\":[{\"@type\":\"WebPage\",\"@id\":\"https:\/\/pfadiorionbiel.ch\/fr\/participer-maintenant\/\",\"url\":\"https:\/\/pfadiorionbiel.ch\/fr\/participer-maintenant\/\",\"name\":\"Participer maintenant - Pfadi Orion Biel\",\"isPartOf\":{\"@id\":\"https:\/\/pfadiorionbiel.ch\/#website\"},\"datePublished\":\"2022-02-09T21:31:28+00:00\",\"dateModified\":\"2023-03-11T17:52:22+00:00\",\"breadcrumb\":{\"@id\":\"https:\/\/pfadiorionbiel.ch\/fr\/participer-maintenant\/#breadcrumb\"},\"inLanguage\":\"fr-FR\",\"potentialAction\":[{\"@type\":\"ReadAction\",\"target\":[\"https:\/\/pfadiorionbiel.ch\/fr\/participer-maintenant\/\"]}]},{\"@type\":\"BreadcrumbList\",\"@id\":\"https:\/\/pfadiorionbiel.ch\/fr\/participer-maintenant\/#breadcrumb\",\"itemListElement\":[{\"@type\":\"ListItem\",\"position\":1,\"name\":\"Startseite\",\"item\":\"https:\/\/pfadiorionbiel.ch\/fr\/\"},{\"@type\":\"ListItem\",\"position\":2,\"name\":\"Participer maintenant\"}]},{\"@type\":\"WebSite\",\"@id\":\"https:\/\/pfadiorionbiel.ch\/#website\",\"url\":\"https:\/\/pfadiorionbiel.ch\/\",\"name\":\"Pfadi Orion Biel\",\"description\":\"Pfadi Orion Biel\",\"publisher\":{\"@id\":\"https:\/\/pfadiorionbiel.ch\/#organization\"},\"potentialAction\":[{\"@type\":\"SearchAction\",\"target\":{\"@type\":\"EntryPoint\",\"urlTemplate\":\"https:\/\/pfadiorionbiel.ch\/?s={search_term_string}\"},\"query-input\":{\"@type\":\"PropertyValueSpecification\",\"valueRequired\":true,\"valueName\":\"search_term_string\"}}],\"inLanguage\":\"fr-FR\"},{\"@type\":\"Organization\",\"@id\":\"https:\/\/pfadiorionbiel.ch\/#organization\",\"name\":\"Pfadi Orion Biel\",\"url\":\"https:\/\/pfadiorionbiel.ch\/\",\"logo\":{\"@type\":\"ImageObject\",\"inLanguage\":\"fr-FR\",\"@id\":\"https:\/\/pfadiorionbiel.ch\/#\/schema\/logo\/image\/\",\"url\":\"https:\/\/pfadiorionbiel.ch\/wp-content\/uploads\/2023\/03\/cropped-cropped-512px.png\",\"contentUrl\":\"https:\/\/pfadiorionbiel.ch\/wp-content\/uploads\/2023\/03\/cropped-cropped-512px.png\",\"width\":512,\"height\":512,\"caption\":\"Pfadi Orion Biel\"},\"image\":{\"@id\":\"https:\/\/pfadiorionbiel.ch\/#\/schema\/logo\/image\/\"},\"sameAs\":[\"https:\/\/www.instagram.com\/pfadi_orion_biel\"]}]}<\/script>\n<!-- \/ Yoast SEO plugin. -->","yoast_head_json":{"title":"Participer maintenant - Pfadi Orion Biel","robots":{"index":"index","follow":"follow","max-snippet":"max-snippet:-1","max-image-preview":"max-image-preview:large","max-video-preview":"max-video-preview:-1"},"canonical":"https:\/\/pfadiorionbiel.ch\/fr\/participer-maintenant\/","og_locale":"fr_FR","og_type":"article","og_title":"Participer maintenant - Pfadi Orion Biel","og_description":"Bienvenue Tu aimes courir dehors, tu veux rencontrer des gens de ton \u00e2ge et cela ne te d\u00e9range pas de te salir de temps en temps ? Alors le scoutisme est fait pour toi! En plus des activit\u00e9s de 3 heures qui ont lieu presque tous les samedis apr\u00e8s-midi, des...","og_url":"https:\/\/pfadiorionbiel.ch\/fr\/participer-maintenant\/","og_site_name":"Pfadi Orion Biel","article_modified_time":"2023-03-11T17:52:22+00:00","twitter_card":"summary_large_image","twitter_misc":{"Dur\u00e9e de lecture estim\u00e9e":"1 minute"},"schema":{"@context":"https:\/\/schema.org","@graph":[{"@type":"WebPage","@id":"https:\/\/pfadiorionbiel.ch\/fr\/participer-maintenant\/","url":"https:\/\/pfadiorionbiel.ch\/fr\/participer-maintenant\/","name":"Participer maintenant - Pfadi Orion Biel","isPartOf":{"@id":"https:\/\/pfadiorionbiel.ch\/#website"},"datePublished":"2022-02-09T21:31:28+00:00","dateModified":"2023-03-11T17:52:22+00:00","breadcrumb":{"@id":"https:\/\/pfadiorionbiel.ch\/fr\/participer-maintenant\/#breadcrumb"},"inLanguage":"fr-FR","potentialAction":[{"@type":"ReadAction","target":["https:\/\/pfadiorionbiel.ch\/fr\/participer-maintenant\/"]}]},{"@type":"BreadcrumbList","@id":"https:\/\/pfadiorionbiel.ch\/fr\/participer-maintenant\/#breadcrumb","itemListElement":[{"@type":"ListItem","position":1,"name":"Startseite","item":"https:\/\/pfadiorionbiel.ch\/fr\/"},{"@type":"ListItem","position":2,"name":"Participer maintenant"}]},{"@type":"WebSite","@id":"https:\/\/pfadiorionbiel.ch\/#website","url":"https:\/\/pfadiorionbiel.ch\/","name":"Pfadi Orion Biel","description":"Pfadi Orion Biel","publisher":{"@id":"https:\/\/pfadiorionbiel.ch\/#organization"},"potentialAction":[{"@type":"SearchAction","target":{"@type":"EntryPoint","urlTemplate":"https:\/\/pfadiorionbiel.ch\/?s={search_term_string}"},"query-input":{"@type":"PropertyValueSpecification","valueRequired":true,"valueName":"search_term_string"}}],"inLanguage":"fr-FR"},{"@type":"Organization","@id":"https:\/\/pfadiorionbiel.ch\/#organization","name":"Pfadi Orion Biel","url":"https:\/\/pfadiorionbiel.ch\/","logo":{"@type":"ImageObject","inLanguage":"fr-FR","@id":"https:\/\/pfadiorionbiel.ch\/#\/schema\/logo\/image\/","url":"https:\/\/pfadiorionbiel.ch\/wp-content\/uploads\/2023\/03\/cropped-cropped-512px.png","contentUrl":"https:\/\/pfadiorionbiel.ch\/wp-content\/uploads\/2023\/03\/cropped-cropped-512px.png","width":512,"height":512,"caption":"Pfadi Orion Biel"},"image":{"@id":"https:\/\/pfadiorionbiel.ch\/#\/schema\/logo\/image\/"},"sameAs":["https:\/\/www.instagram.com\/pfadi_orion_biel"]}]}},"publishpress_future_workflow_manual_trigger":{"enabledWorkflows":[]},"_links":{"self":[{"href":"https:\/\/pfadiorionbiel.ch\/fr\/wp-json\/wp\/v2\/pages\/2657","targetHints":{"allow":["GET"]}}],"collection":[{"href":"https:\/\/pfadiorionbiel.ch\/fr\/wp-json\/wp\/v2\/pages"}],"about":[{"href":"https:\/\/pfadiorionbiel.ch\/fr\/wp-json\/wp\/v2\/types\/page"}],"author":[{"embeddable":true,"href":"https:\/\/pfadiorionbiel.ch\/fr\/wp-json\/wp\/v2\/users\/1"}],"replies":[{"embeddable":true,"href":"https:\/\/pfadiorionbiel.ch\/fr\/wp-json\/wp\/v2\/comments?post=2657"}],"version-history":[{"count":9,"href":"https:\/\/pfadiorionbiel.ch\/fr\/wp-json\/wp\/v2\/pages\/2657\/revisions"}],"predecessor-version":[{"id":4078,"href":"https:\/\/pfadiorionbiel.ch\/fr\/wp-json\/wp\/v2\/pages\/2657\/revisions\/4078"}],"wp:attachment":[{"href":"https:\/\/pfadiorionbiel.ch\/fr\/wp-json\/wp\/v2\/media?parent=2657"}],"curies":[{"name":"wp","href":"https:\/\/api.w.org\/{rel}","templated":true}]}}