{"id":2658,"date":"2022-01-30T11:27:32","date_gmt":"2022-01-30T11:27:32","guid":{"rendered":"http:\/\/pfadiorionbiel.ch\/quest-ce-que-le-scoutisme\/"},"modified":"2023-10-25T10:45:45","modified_gmt":"2023-10-25T08:45:45","slug":"quest-ce-que-le-scoutisme","status":"publish","type":"page","link":"https:\/\/pfadiorionbiel.ch\/fr\/quest-ce-que-le-scoutisme\/","title":{"rendered":"Qu&rsquo;est-ce que le scoutisme ?"},"content":{"rendered":"\t\t<div data-elementor-type=\"wp-page\" data-elementor-id=\"2658\" class=\"elementor elementor-2658 elementor-1159\" data-elementor-post-type=\"page\">\n\t\t\t\t\t\t<section class=\"elementor-section elementor-top-section elementor-element elementor-element-d73f02d elementor-section-boxed elementor-section-height-default elementor-section-height-default\" data-id=\"d73f02d\" data-element_type=\"section\" data-e-type=\"section\">\n\t\t\t\t\t\t<div class=\"elementor-container elementor-column-gap-default\">\n\t\t\t\t\t<div class=\"elementor-column elementor-col-100 elementor-top-column elementor-element elementor-element-225aa8f\" data-id=\"225aa8f\" data-element_type=\"column\" data-e-type=\"column\">\n\t\t\t<div class=\"elementor-widget-wrap elementor-element-populated\">\n\t\t\t\t\t\t<section class=\"elementor-section elementor-inner-section elementor-element elementor-element-227acbb elementor-section-boxed elementor-section-height-default elementor-section-height-default\" data-id=\"227acbb\" data-element_type=\"section\" data-e-type=\"section\">\n\t\t\t\t\t\t<div class=\"elementor-container elementor-column-gap-default\">\n\t\t\t\t\t<div class=\"elementor-column elementor-col-50 elementor-inner-column elementor-element elementor-element-145c4de\" data-id=\"145c4de\" data-element_type=\"column\" data-e-type=\"column\">\n\t\t\t<div class=\"elementor-widget-wrap elementor-element-populated\">\n\t\t\t\t\t\t<div class=\"elementor-element elementor-element-1dc5713 elementor-widget elementor-widget-heading\" data-id=\"1dc5713\" data-element_type=\"widget\" data-e-type=\"widget\" data-widget_type=\"heading.default\">\n\t\t\t\t<div class=\"elementor-widget-container\">\n\t\t\t\t\t<h2 class=\"elementor-heading-title elementor-size-default\">Le scoutisme en g\u00e9n\u00e9ral<\/h2>\t\t\t\t<\/div>\n\t\t\t\t<\/div>\n\t\t\t\t<div class=\"elementor-element elementor-element-ec9ab8f elementor-widget elementor-widget-text-editor\" data-id=\"ec9ab8f\" data-element_type=\"widget\" data-e-type=\"widget\" data-widget_type=\"text-editor.default\">\n\t\t\t\t<div class=\"elementor-widget-container\">\n\t\t\t\t\t\t\t\t\t<p>Le Mouvement Scout de Suisse&nbsp; est la plus grande association de jeunesse de Suisse avec plus de 45&rsquo;000 membres. Non sans raison, car nulle part ailleurs on ne vit autant de choses que dans le scoutisme. Ind\u00e9pendamment de la religion, de l&rsquo;origine et du statut social, tout le monde est le bienvenu chez nous.<\/p>\n<p>Nous apprenons&nbsp; des connaissances pratiques pour la vie en plein air (technique scoute),&nbsp; nous jouons, nous bricolons, nous passons des camps ensemble (camp d&rsquo;\u00e9t\u00e9 et camp de Pentec\u00f4te).&nbsp; Lors de ces camps, mais aussi lors des activit\u00e9s hebdomadaires, nous pr\u00e9parons les enfants\/jeunes \u00e0 la vie&nbsp; dans la soci\u00e9t\u00e9. Le respect, la tol\u00e9rance et l&rsquo;engagement sont tr\u00e8s importants pour nous dans le scoutisme. En grandissant, les scouts obtiennent plus de responsabilit\u00e9 et d&rsquo;autod\u00e9termination (par exemple en planifiant et en organisant leurs propres activit\u00e9s).<\/p>\t\t\t\t\t\t\t\t<\/div>\n\t\t\t\t<\/div>\n\t\t\t\t\t<\/div>\n\t\t<\/div>\n\t\t\t\t<div class=\"elementor-column elementor-col-50 elementor-inner-column elementor-element elementor-element-68e9893\" data-id=\"68e9893\" data-element_type=\"column\" data-e-type=\"column\">\n\t\t\t<div class=\"elementor-widget-wrap elementor-element-populated\">\n\t\t\t\t\t\t<div class=\"elementor-element elementor-element-1b56dee elementor-widget elementor-widget-image\" data-id=\"1b56dee\" data-element_type=\"widget\" data-e-type=\"widget\" data-widget_type=\"image.default\">\n\t\t\t\t<div class=\"elementor-widget-container\">\n\t\t\t\t\t\t\t\t\t\t\t\t\t\t\t<img fetchpriority=\"high\" decoding=\"async\" width=\"790\" height=\"593\" src=\"https:\/\/pfadiorionbiel.ch\/wp-content\/uploads\/2022\/02\/WhatsApp-Image-2021-11-14-at-19-1-1024x768.jpg\" class=\"attachment-large size-large wp-image-1464\" alt=\"\" srcset=\"https:\/\/pfadiorionbiel.ch\/wp-content\/uploads\/2022\/02\/WhatsApp-Image-2021-11-14-at-19-1-1024x768.jpg 1024w, https:\/\/pfadiorionbiel.ch\/wp-content\/uploads\/2022\/02\/WhatsApp-Image-2021-11-14-at-19-1-300x225.jpg 300w, https:\/\/pfadiorionbiel.ch\/wp-content\/uploads\/2022\/02\/WhatsApp-Image-2021-11-14-at-19-1-768x576.jpg 768w, https:\/\/pfadiorionbiel.ch\/wp-content\/uploads\/2022\/02\/WhatsApp-Image-2021-11-14-at-19-1-1536x1152.jpg 1536w, https:\/\/pfadiorionbiel.ch\/wp-content\/uploads\/2022\/02\/WhatsApp-Image-2021-11-14-at-19-1.jpg 2048w\" sizes=\"(max-width: 790px) 100vw, 790px\" \/>\t\t\t\t\t\t\t\t\t\t\t\t\t\t\t<\/div>\n\t\t\t\t<\/div>\n\t\t\t\t\t<\/div>\n\t\t<\/div>\n\t\t\t\t\t<\/div>\n\t\t<\/section>\n\t\t\t\t<div class=\"elementor-element elementor-element-eaa6e36 elementor-hidden-desktop elementor-hidden-tablet elementor-widget-divider--view-line elementor-widget elementor-widget-divider\" data-id=\"eaa6e36\" data-element_type=\"widget\" data-e-type=\"widget\" data-widget_type=\"divider.default\">\n\t\t\t\t<div class=\"elementor-widget-container\">\n\t\t\t\t\t\t\t<div class=\"elementor-divider\">\n\t\t\t<span class=\"elementor-divider-separator\">\n\t\t\t\t\t\t<\/span>\n\t\t<\/div>\n\t\t\t\t\t\t<\/div>\n\t\t\t\t<\/div>\n\t\t\t\t<section class=\"elementor-section elementor-inner-section elementor-element elementor-element-7123c75 elementor-section-boxed elementor-section-height-default elementor-section-height-default\" data-id=\"7123c75\" data-element_type=\"section\" data-e-type=\"section\">\n\t\t\t\t\t\t<div class=\"elementor-container elementor-column-gap-default\">\n\t\t\t\t\t<div class=\"elementor-column elementor-col-100 elementor-inner-column elementor-element elementor-element-7da637e\" data-id=\"7da637e\" data-element_type=\"column\" data-e-type=\"column\">\n\t\t\t<div class=\"elementor-widget-wrap elementor-element-populated\">\n\t\t\t\t\t\t<div class=\"elementor-element elementor-element-b709704 elementor-widget elementor-widget-heading\" data-id=\"b709704\" data-element_type=\"widget\" data-e-type=\"widget\" data-widget_type=\"heading.default\">\n\t\t\t\t<div class=\"elementor-widget-container\">\n\t\t\t\t\t<h2 class=\"elementor-heading-title elementor-size-default\">Scout Orion Bienne<\/h2>\t\t\t\t<\/div>\n\t\t\t\t<\/div>\n\t\t\t\t<div class=\"elementor-element elementor-element-3b52a20 elementor-widget elementor-widget-text-editor\" data-id=\"3b52a20\" data-element_type=\"widget\" data-e-type=\"widget\" data-widget_type=\"text-editor.default\">\n\t\t\t\t<div class=\"elementor-widget-container\">\n\t\t\t\t\t\t\t\t\t<p>Les scouts Orion de Bienne sont une association de scouts bilingue, fond\u00e9e en 1934 \u00e0 Bienne. Depuis 1992, nous accueillons aussi bien les gar\u00e7ons que les filles, qui peuvent vivre des aventures ensemble.<\/p>\n<p>Depuis 1962, l&rsquo;association dispose d&rsquo;un foyer scout \u00e0 la lisi\u00e8re de la for\u00eat de Bienne, qui sert de centre pour toutes les activit\u00e9s. Les membres sont r\u00e9partis en trois niveaux : Castors (5-7 ans), Loups (7-11 ans) et Scouts (11-16 ans).<\/p>\n<p>Actuellement, les scouts Orion de Bienne comptent 140 membres actifs, dont 100 participantes actives. Nos membres apprennent \u00e0 d\u00e9velopper leurs comp\u00e9tences et leurs points forts tout en nouant de nouvelles amiti\u00e9s et en partageant des exp\u00e9riences inoubliables.<\/p>\n<p>Nos programmes sont ax\u00e9s sur l&rsquo;aventure et comprennent des activit\u00e9s telles que le camping, les feux de camp, les aventures en plein air et les projets sociaux. Nous encourageons le d\u00e9veloppement du caract\u00e8re, des capacit\u00e9s et du sens des responsabilit\u00e9s et contribuons \u00e0 ce que les enfants et les jeunes deviennent des personnes fortes et s\u00fbres d&rsquo;elles.<\/p>\n<p>Viens faire partie de notre communaut\u00e9 &#8211; nous sommes impatients de te rencontrer !<\/p>\n\t\t\t\t\t\t\t\t<\/div>\n\t\t\t\t<\/div>\n\t\t\t\t<div class=\"elementor-element elementor-element-91c5464 elementor-widget elementor-widget-image\" data-id=\"91c5464\" data-element_type=\"widget\" data-e-type=\"widget\" data-widget_type=\"image.default\">\n\t\t\t\t<div class=\"elementor-widget-container\">\n\t\t\t\t\t\t\t\t\t\t\t\t\t\t\t<img decoding=\"async\" width=\"790\" height=\"527\" src=\"https:\/\/pfadiorionbiel.ch\/wp-content\/uploads\/2023\/02\/DSC8111-1024x683.jpeg\" class=\"attachment-large size-large wp-image-3111\" alt=\"\" srcset=\"https:\/\/pfadiorionbiel.ch\/wp-content\/uploads\/2023\/02\/DSC8111-1024x683.jpeg 1024w, https:\/\/pfadiorionbiel.ch\/wp-content\/uploads\/2023\/02\/DSC8111-300x200.jpeg 300w, https:\/\/pfadiorionbiel.ch\/wp-content\/uploads\/2023\/02\/DSC8111-768x512.jpeg 768w, https:\/\/pfadiorionbiel.ch\/wp-content\/uploads\/2023\/02\/DSC8111-1536x1024.jpeg 1536w, https:\/\/pfadiorionbiel.ch\/wp-content\/uploads\/2023\/02\/DSC8111-2048x1365.jpeg 2048w\" sizes=\"(max-width: 790px) 100vw, 790px\" \/>\t\t\t\t\t\t\t\t\t\t\t\t\t\t\t<\/div>\n\t\t\t\t<\/div>\n\t\t\t\t\t<\/div>\n\t\t<\/div>\n\t\t\t\t\t<\/div>\n\t\t<\/section>\n\t\t\t\t\t<\/div>\n\t\t<\/div>\n\t\t\t\t\t<\/div>\n\t\t<\/section>\n\t\t\t\t<\/div>\n\t\t","protected":false},"excerpt":{"rendered":"<p>Le scoutisme en g\u00e9n\u00e9ral Le Mouvement Scout de Suisse&nbsp; est la plus grande association de jeunesse de Suisse avec plus de 45&rsquo;000 membres. Non sans raison, car nulle part ailleurs on ne vit autant de choses que dans le scoutisme. Ind\u00e9pendamment de la religion, de l&rsquo;origine et du statut social,&#8230;<\/p>\n","protected":false},"author":1,"featured_media":0,"parent":0,"menu_order":0,"comment_status":"closed","ping_status":"closed","template":"","meta":{"_monsterinsights_skip_tracking":false,"_monsterinsights_sitenote_active":false,"_monsterinsights_sitenote_note":"","_monsterinsights_sitenote_category":0,"footnotes":""},"class_list":["post-2658","page","type-page","status-publish","hentry"],"yoast_head":"<!-- This site is optimized with the Yoast SEO plugin v24.7 - https:\/\/yoast.com\/wordpress\/plugins\/seo\/ -->\n<title>Qu&#039;est-ce que le scoutisme ? - Pfadi Orion Biel<\/title>\n<meta name=\"robots\" content=\"index, follow, max-snippet:-1, max-image-preview:large, max-video-preview:-1\" \/>\n<link rel=\"canonical\" href=\"https:\/\/pfadiorionbiel.ch\/fr\/quest-ce-que-le-scoutisme\/\" \/>\n<meta property=\"og:locale\" content=\"fr_FR\" \/>\n<meta property=\"og:type\" content=\"article\" \/>\n<meta property=\"og:title\" content=\"Qu&#039;est-ce que le scoutisme ? - Pfadi Orion Biel\" \/>\n<meta property=\"og:description\" content=\"Le scoutisme en g\u00e9n\u00e9ral Le Mouvement Scout de Suisse&nbsp; est la plus grande association de jeunesse de Suisse avec plus de 45&rsquo;000 membres. Non sans raison, car nulle part ailleurs on ne vit autant de choses que dans le scoutisme. Ind\u00e9pendamment de la religion, de l&rsquo;origine et du statut social,...\" \/>\n<meta property=\"og:url\" content=\"https:\/\/pfadiorionbiel.ch\/fr\/quest-ce-que-le-scoutisme\/\" \/>\n<meta property=\"og:site_name\" content=\"Pfadi Orion Biel\" \/>\n<meta property=\"article:modified_time\" content=\"2023-10-25T08:45:45+00:00\" \/>\n<meta property=\"og:image\" content=\"https:\/\/pfadiorionbiel.ch\/wp-content\/uploads\/2022\/02\/WhatsApp-Image-2021-11-14-at-19-1-1024x768.jpg\" \/>\n<meta name=\"twitter:card\" content=\"summary_large_image\" \/>\n<meta name=\"twitter:label1\" content=\"Dur\u00e9e de lecture estim\u00e9e\" \/>\n\t<meta name=\"twitter:data1\" content=\"2 minutes\" \/>\n<script type=\"application\/ld+json\" class=\"yoast-schema-graph\">{\"@context\":\"https:\/\/schema.org\",\"@graph\":[{\"@type\":\"WebPage\",\"@id\":\"https:\/\/pfadiorionbiel.ch\/fr\/quest-ce-que-le-scoutisme\/\",\"url\":\"https:\/\/pfadiorionbiel.ch\/fr\/quest-ce-que-le-scoutisme\/\",\"name\":\"Qu'est-ce que le scoutisme ? - Pfadi Orion Biel\",\"isPartOf\":{\"@id\":\"https:\/\/pfadiorionbiel.ch\/#website\"},\"primaryImageOfPage\":{\"@id\":\"https:\/\/pfadiorionbiel.ch\/fr\/quest-ce-que-le-scoutisme\/#primaryimage\"},\"image\":{\"@id\":\"https:\/\/pfadiorionbiel.ch\/fr\/quest-ce-que-le-scoutisme\/#primaryimage\"},\"thumbnailUrl\":\"https:\/\/pfadiorionbiel.ch\/wp-content\/uploads\/2022\/02\/WhatsApp-Image-2021-11-14-at-19-1-1024x768.jpg\",\"datePublished\":\"2022-01-30T11:27:32+00:00\",\"dateModified\":\"2023-10-25T08:45:45+00:00\",\"breadcrumb\":{\"@id\":\"https:\/\/pfadiorionbiel.ch\/fr\/quest-ce-que-le-scoutisme\/#breadcrumb\"},\"inLanguage\":\"fr-FR\",\"potentialAction\":[{\"@type\":\"ReadAction\",\"target\":[\"https:\/\/pfadiorionbiel.ch\/fr\/quest-ce-que-le-scoutisme\/\"]}]},{\"@type\":\"ImageObject\",\"inLanguage\":\"fr-FR\",\"@id\":\"https:\/\/pfadiorionbiel.ch\/fr\/quest-ce-que-le-scoutisme\/#primaryimage\",\"url\":\"https:\/\/pfadiorionbiel.ch\/wp-content\/uploads\/2022\/02\/WhatsApp-Image-2021-11-14-at-19-1-1024x768.jpg\",\"contentUrl\":\"https:\/\/pfadiorionbiel.ch\/wp-content\/uploads\/2022\/02\/WhatsApp-Image-2021-11-14-at-19-1-1024x768.jpg\"},{\"@type\":\"BreadcrumbList\",\"@id\":\"https:\/\/pfadiorionbiel.ch\/fr\/quest-ce-que-le-scoutisme\/#breadcrumb\",\"itemListElement\":[{\"@type\":\"ListItem\",\"position\":1,\"name\":\"Startseite\",\"item\":\"https:\/\/pfadiorionbiel.ch\/fr\/\"},{\"@type\":\"ListItem\",\"position\":2,\"name\":\"Qu&rsquo;est-ce que le scoutisme ?\"}]},{\"@type\":\"WebSite\",\"@id\":\"https:\/\/pfadiorionbiel.ch\/#website\",\"url\":\"https:\/\/pfadiorionbiel.ch\/\",\"name\":\"Pfadi Orion Biel\",\"description\":\"Pfadi Orion Biel\",\"publisher\":{\"@id\":\"https:\/\/pfadiorionbiel.ch\/#organization\"},\"potentialAction\":[{\"@type\":\"SearchAction\",\"target\":{\"@type\":\"EntryPoint\",\"urlTemplate\":\"https:\/\/pfadiorionbiel.ch\/?s={search_term_string}\"},\"query-input\":{\"@type\":\"PropertyValueSpecification\",\"valueRequired\":true,\"valueName\":\"search_term_string\"}}],\"inLanguage\":\"fr-FR\"},{\"@type\":\"Organization\",\"@id\":\"https:\/\/pfadiorionbiel.ch\/#organization\",\"name\":\"Pfadi Orion Biel\",\"url\":\"https:\/\/pfadiorionbiel.ch\/\",\"logo\":{\"@type\":\"ImageObject\",\"inLanguage\":\"fr-FR\",\"@id\":\"https:\/\/pfadiorionbiel.ch\/#\/schema\/logo\/image\/\",\"url\":\"https:\/\/pfadiorionbiel.ch\/wp-content\/uploads\/2023\/03\/cropped-cropped-512px.png\",\"contentUrl\":\"https:\/\/pfadiorionbiel.ch\/wp-content\/uploads\/2023\/03\/cropped-cropped-512px.png\",\"width\":512,\"height\":512,\"caption\":\"Pfadi Orion Biel\"},\"image\":{\"@id\":\"https:\/\/pfadiorionbiel.ch\/#\/schema\/logo\/image\/\"},\"sameAs\":[\"https:\/\/www.instagram.com\/pfadi_orion_biel\"]}]}<\/script>\n<!-- \/ Yoast SEO plugin. -->","yoast_head_json":{"title":"Qu'est-ce que le scoutisme ? - Pfadi Orion Biel","robots":{"index":"index","follow":"follow","max-snippet":"max-snippet:-1","max-image-preview":"max-image-preview:large","max-video-preview":"max-video-preview:-1"},"canonical":"https:\/\/pfadiorionbiel.ch\/fr\/quest-ce-que-le-scoutisme\/","og_locale":"fr_FR","og_type":"article","og_title":"Qu'est-ce que le scoutisme ? - Pfadi Orion Biel","og_description":"Le scoutisme en g\u00e9n\u00e9ral Le Mouvement Scout de Suisse&nbsp; est la plus grande association de jeunesse de Suisse avec plus de 45&rsquo;000 membres. Non sans raison, car nulle part ailleurs on ne vit autant de choses que dans le scoutisme. Ind\u00e9pendamment de la religion, de l&rsquo;origine et du statut social,...","og_url":"https:\/\/pfadiorionbiel.ch\/fr\/quest-ce-que-le-scoutisme\/","og_site_name":"Pfadi Orion Biel","article_modified_time":"2023-10-25T08:45:45+00:00","og_image":[{"url":"https:\/\/pfadiorionbiel.ch\/wp-content\/uploads\/2022\/02\/WhatsApp-Image-2021-11-14-at-19-1-1024x768.jpg","type":"","width":"","height":""}],"twitter_card":"summary_large_image","twitter_misc":{"Dur\u00e9e de lecture estim\u00e9e":"2 minutes"},"schema":{"@context":"https:\/\/schema.org","@graph":[{"@type":"WebPage","@id":"https:\/\/pfadiorionbiel.ch\/fr\/quest-ce-que-le-scoutisme\/","url":"https:\/\/pfadiorionbiel.ch\/fr\/quest-ce-que-le-scoutisme\/","name":"Qu'est-ce que le scoutisme ? - Pfadi Orion Biel","isPartOf":{"@id":"https:\/\/pfadiorionbiel.ch\/#website"},"primaryImageOfPage":{"@id":"https:\/\/pfadiorionbiel.ch\/fr\/quest-ce-que-le-scoutisme\/#primaryimage"},"image":{"@id":"https:\/\/pfadiorionbiel.ch\/fr\/quest-ce-que-le-scoutisme\/#primaryimage"},"thumbnailUrl":"https:\/\/pfadiorionbiel.ch\/wp-content\/uploads\/2022\/02\/WhatsApp-Image-2021-11-14-at-19-1-1024x768.jpg","datePublished":"2022-01-30T11:27:32+00:00","dateModified":"2023-10-25T08:45:45+00:00","breadcrumb":{"@id":"https:\/\/pfadiorionbiel.ch\/fr\/quest-ce-que-le-scoutisme\/#breadcrumb"},"inLanguage":"fr-FR","potentialAction":[{"@type":"ReadAction","target":["https:\/\/pfadiorionbiel.ch\/fr\/quest-ce-que-le-scoutisme\/"]}]},{"@type":"ImageObject","inLanguage":"fr-FR","@id":"https:\/\/pfadiorionbiel.ch\/fr\/quest-ce-que-le-scoutisme\/#primaryimage","url":"https:\/\/pfadiorionbiel.ch\/wp-content\/uploads\/2022\/02\/WhatsApp-Image-2021-11-14-at-19-1-1024x768.jpg","contentUrl":"https:\/\/pfadiorionbiel.ch\/wp-content\/uploads\/2022\/02\/WhatsApp-Image-2021-11-14-at-19-1-1024x768.jpg"},{"@type":"BreadcrumbList","@id":"https:\/\/pfadiorionbiel.ch\/fr\/quest-ce-que-le-scoutisme\/#breadcrumb","itemListElement":[{"@type":"ListItem","position":1,"name":"Startseite","item":"https:\/\/pfadiorionbiel.ch\/fr\/"},{"@type":"ListItem","position":2,"name":"Qu&rsquo;est-ce que le scoutisme ?"}]},{"@type":"WebSite","@id":"https:\/\/pfadiorionbiel.ch\/#website","url":"https:\/\/pfadiorionbiel.ch\/","name":"Pfadi Orion Biel","description":"Pfadi Orion Biel","publisher":{"@id":"https:\/\/pfadiorionbiel.ch\/#organization"},"potentialAction":[{"@type":"SearchAction","target":{"@type":"EntryPoint","urlTemplate":"https:\/\/pfadiorionbiel.ch\/?s={search_term_string}"},"query-input":{"@type":"PropertyValueSpecification","valueRequired":true,"valueName":"search_term_string"}}],"inLanguage":"fr-FR"},{"@type":"Organization","@id":"https:\/\/pfadiorionbiel.ch\/#organization","name":"Pfadi Orion Biel","url":"https:\/\/pfadiorionbiel.ch\/","logo":{"@type":"ImageObject","inLanguage":"fr-FR","@id":"https:\/\/pfadiorionbiel.ch\/#\/schema\/logo\/image\/","url":"https:\/\/pfadiorionbiel.ch\/wp-content\/uploads\/2023\/03\/cropped-cropped-512px.png","contentUrl":"https:\/\/pfadiorionbiel.ch\/wp-content\/uploads\/2023\/03\/cropped-cropped-512px.png","width":512,"height":512,"caption":"Pfadi Orion Biel"},"image":{"@id":"https:\/\/pfadiorionbiel.ch\/#\/schema\/logo\/image\/"},"sameAs":["https:\/\/www.instagram.com\/pfadi_orion_biel"]}]}},"publishpress_future_workflow_manual_trigger":{"enabledWorkflows":[]},"_links":{"self":[{"href":"https:\/\/pfadiorionbiel.ch\/fr\/wp-json\/wp\/v2\/pages\/2658","targetHints":{"allow":["GET"]}}],"collection":[{"href":"https:\/\/pfadiorionbiel.ch\/fr\/wp-json\/wp\/v2\/pages"}],"about":[{"href":"https:\/\/pfadiorionbiel.ch\/fr\/wp-json\/wp\/v2\/types\/page"}],"author":[{"embeddable":true,"href":"https:\/\/pfadiorionbiel.ch\/fr\/wp-json\/wp\/v2\/users\/1"}],"replies":[{"embeddable":true,"href":"https:\/\/pfadiorionbiel.ch\/fr\/wp-json\/wp\/v2\/comments?post=2658"}],"version-history":[{"count":7,"href":"https:\/\/pfadiorionbiel.ch\/fr\/wp-json\/wp\/v2\/pages\/2658\/revisions"}],"predecessor-version":[{"id":6284,"href":"https:\/\/pfadiorionbiel.ch\/fr\/wp-json\/wp\/v2\/pages\/2658\/revisions\/6284"}],"wp:attachment":[{"href":"https:\/\/pfadiorionbiel.ch\/fr\/wp-json\/wp\/v2\/media?parent=2658"}],"curies":[{"name":"wp","href":"https:\/\/api.w.org\/{rel}","templated":true}]}}