{"id":5327,"date":"2023-06-26T07:23:44","date_gmt":"2023-06-26T05:23:44","guid":{"rendered":"https:\/\/pfadiorionbiel.ch\/renovation-de-la-maison-des-scouts\/"},"modified":"2024-10-30T19:59:27","modified_gmt":"2024-10-30T17:59:27","slug":"renovation-de-la-maison-des-scouts","status":"publish","type":"page","link":"https:\/\/pfadiorionbiel.ch\/fr\/renovation-de-la-maison-des-scouts\/","title":{"rendered":"R\u00e9novation de la maison des scouts"},"content":{"rendered":"\t\t<div data-elementor-type=\"wp-page\" data-elementor-id=\"5327\" class=\"elementor elementor-5327 elementor-5301\" data-elementor-post-type=\"page\">\n\t\t\t\t\t\t<section class=\"elementor-section elementor-top-section elementor-element elementor-element-1750fafa elementor-section-boxed elementor-section-height-default elementor-section-height-default\" data-id=\"1750fafa\" data-element_type=\"section\" data-e-type=\"section\">\n\t\t\t\t\t\t<div class=\"elementor-container elementor-column-gap-default\">\n\t\t\t\t\t<div class=\"elementor-column elementor-col-100 elementor-top-column elementor-element elementor-element-585b7bf8\" data-id=\"585b7bf8\" data-element_type=\"column\" data-e-type=\"column\">\n\t\t\t<div class=\"elementor-widget-wrap elementor-element-populated\">\n\t\t\t\t\t\t<div class=\"elementor-element elementor-element-8e4ab40 elementor-widget elementor-widget-spacer\" data-id=\"8e4ab40\" data-element_type=\"widget\" data-e-type=\"widget\" data-widget_type=\"spacer.default\">\n\t\t\t\t<div class=\"elementor-widget-container\">\n\t\t\t\t\t\t\t<div class=\"elementor-spacer\">\n\t\t\t<div class=\"elementor-spacer-inner\"><\/div>\n\t\t<\/div>\n\t\t\t\t\t\t<\/div>\n\t\t\t\t<\/div>\n\t\t\t\t<div class=\"elementor-element elementor-element-dcdba5b elementor-widget elementor-widget-heading\" data-id=\"dcdba5b\" data-element_type=\"widget\" data-e-type=\"widget\" data-widget_type=\"heading.default\">\n\t\t\t\t<div class=\"elementor-widget-container\">\n\t\t\t\t\t<h1 class=\"elementor-heading-title elementor-size-default\">R\u00e9novation de la maison des scouts<\/h1>\t\t\t\t<\/div>\n\t\t\t\t<\/div>\n\t\t\t\t<div class=\"elementor-element elementor-element-404b07a elementor-widget elementor-widget-image\" data-id=\"404b07a\" data-element_type=\"widget\" data-e-type=\"widget\" data-widget_type=\"image.default\">\n\t\t\t\t<div class=\"elementor-widget-container\">\n\t\t\t\t\t\t\t\t\t\t\t\t\t\t\t<img decoding=\"async\" width=\"150\" height=\"150\" src=\"https:\/\/pfadiorionbiel.ch\/wp-content\/uploads\/2023\/06\/Bild1-150x150.png\" class=\"attachment-thumbnail size-thumbnail wp-image-5372\" alt=\"\" \/>\t\t\t\t\t\t\t\t\t\t\t\t\t\t\t<\/div>\n\t\t\t\t<\/div>\n\t\t\t\t<div class=\"elementor-element elementor-element-4a3f5d8d elementor-widget__width-initial elementor-widget elementor-widget-text-editor\" data-id=\"4a3f5d8d\" data-element_type=\"widget\" data-e-type=\"widget\" data-widget_type=\"text-editor.default\">\n\t\t\t\t<div class=\"elementor-widget-container\">\n\t\t\t\t\t\t\t\t\t<p>Nous transformons et pr\u00e9parons le foyer scout pour les prochaines d\u00e9cennies.<\/p>\n<p>Notre superbe maison scoute a besoin d&rsquo;une remise \u00e0 neuf et sera donc r\u00e9nov\u00e9e, assainie et transform\u00e9e.<\/p>\n<p>Nous souhaitons nous pr\u00e9parer pour l&rsquo;avenir et adapter le foyer scout d&rsquo;Orion \u00e0 notre \u00e9poque, afin qu&rsquo;il reste un \u00ab\u00a0chez-soi\u00a0\u00bb pour les scouts, mais aussi qu&rsquo;il soit plus attrayant pour les locations aux \u00e9coles, aux Jubla, aux U.C., aux autres scouts, aux entreprises et aux \u00e9v\u00e9nements priv\u00e9s.<\/p>\n<p>Tu trouveras ici la premi\u00e8re <strong>analyse des besoins<\/strong>.  <\/p>\n\t\t\t\t\t\t\t\t<\/div>\n\t\t\t\t<\/div>\n\t\t\t\t<div class=\"elementor-element elementor-element-595d904 elementor-align-center elementor-widget elementor-widget-button\" data-id=\"595d904\" data-element_type=\"widget\" data-e-type=\"widget\" data-widget_type=\"button.default\">\n\t\t\t\t<div class=\"elementor-widget-container\">\n\t\t\t\t\t\t\t\t\t<div class=\"elementor-button-wrapper\">\n\t\t\t\t\t<a class=\"elementor-button elementor-button-link elementor-size-sm\" href=\"http:\/\/pfadiorionbiel.ch\/wp-content\/uploads\/2023\/06\/Zustandsanalyse-Pfadiheim_Final.pdf\">\n\t\t\t\t\t\t<span class=\"elementor-button-content-wrapper\">\n\t\t\t\t\t\t<span class=\"elementor-button-icon\">\n\t\t\t\t<i aria-hidden=\"true\" class=\"far fa-file-alt\"><\/i>\t\t\t<\/span>\n\t\t\t\t\t\t\t\t\t<span class=\"elementor-button-text\">Analyse de l'\u00e9tat de la maison scoute Orion \u00e0 Bienne<\/span>\n\t\t\t\t\t<\/span>\n\t\t\t\t\t<\/a>\n\t\t\t\t<\/div>\n\t\t\t\t\t\t\t\t<\/div>\n\t\t\t\t<\/div>\n\t\t\t\t<div class=\"elementor-element elementor-element-8feede8 elementor-widget-divider--view-line elementor-widget elementor-widget-divider\" data-id=\"8feede8\" data-element_type=\"widget\" data-e-type=\"widget\" data-widget_type=\"divider.default\">\n\t\t\t\t<div class=\"elementor-widget-container\">\n\t\t\t\t\t\t\t<div class=\"elementor-divider\">\n\t\t\t<span class=\"elementor-divider-separator\">\n\t\t\t\t\t\t<\/span>\n\t\t<\/div>\n\t\t\t\t\t\t<\/div>\n\t\t\t\t<\/div>\n\t\t\t\t<div class=\"elementor-element elementor-element-0f72f84 elementor-widget elementor-widget-heading\" data-id=\"0f72f84\" data-element_type=\"widget\" data-e-type=\"widget\" data-widget_type=\"heading.default\">\n\t\t\t\t<div class=\"elementor-widget-container\">\n\t\t\t\t\t<h2 class=\"elementor-heading-title elementor-size-default\">Plans de construction<\/h2>\t\t\t\t<\/div>\n\t\t\t\t<\/div>\n\t\t\t\t\t<\/div>\n\t\t<\/div>\n\t\t\t\t\t<\/div>\n\t\t<\/section>\n\t\t\t\t<section class=\"elementor-section elementor-top-section elementor-element elementor-element-0548322 elementor-section-content-middle elementor-section-boxed elementor-section-height-default elementor-section-height-default\" data-id=\"0548322\" data-element_type=\"section\" data-e-type=\"section\">\n\t\t\t\t\t\t<div class=\"elementor-container elementor-column-gap-default\">\n\t\t\t\t\t<div class=\"elementor-column elementor-col-100 elementor-top-column elementor-element elementor-element-dcdb73a\" data-id=\"dcdb73a\" data-element_type=\"column\" data-e-type=\"column\">\n\t\t\t<div class=\"elementor-widget-wrap elementor-element-populated\">\n\t\t\t\t\t\t<div class=\"elementor-element elementor-element-1fff9da elementor-align-center elementor-widget elementor-widget-button\" data-id=\"1fff9da\" data-element_type=\"widget\" data-e-type=\"widget\" data-widget_type=\"button.default\">\n\t\t\t\t<div class=\"elementor-widget-container\">\n\t\t\t\t\t\t\t\t\t<div class=\"elementor-button-wrapper\">\n\t\t\t\t\t<a class=\"elementor-button elementor-button-link elementor-size-sm\" href=\"http:\/\/pfadiorionbiel.ch\/wp-content\/uploads\/2024\/02\/PlanHeim-2.pdf\">\n\t\t\t\t\t\t<span class=\"elementor-button-content-wrapper\">\n\t\t\t\t\t\t<span class=\"elementor-button-icon\">\n\t\t\t\t<i aria-hidden=\"true\" class=\"fas fa-expand-alt\"><\/i>\t\t\t<\/span>\n\t\t\t\t\t\t\t\t\t<span class=\"elementor-button-text\">Voir les plans de construction de la r\u00e9novation de la maison des scouts  <\/span>\n\t\t\t\t\t<\/span>\n\t\t\t\t\t<\/a>\n\t\t\t\t<\/div>\n\t\t\t\t\t\t\t\t<\/div>\n\t\t\t\t<\/div>\n\t\t\t\t<div class=\"elementor-element elementor-element-0d740e4 elementor-widget-divider--view-line elementor-widget elementor-widget-divider\" data-id=\"0d740e4\" data-element_type=\"widget\" data-e-type=\"widget\" data-widget_type=\"divider.default\">\n\t\t\t\t<div class=\"elementor-widget-container\">\n\t\t\t\t\t\t\t<div class=\"elementor-divider\">\n\t\t\t<span class=\"elementor-divider-separator\">\n\t\t\t\t\t\t<\/span>\n\t\t<\/div>\n\t\t\t\t\t\t<\/div>\n\t\t\t\t<\/div>\n\t\t\t\t<div class=\"elementor-element elementor-element-9084088 elementor-widget elementor-widget-heading\" data-id=\"9084088\" data-element_type=\"widget\" data-e-type=\"widget\" data-widget_type=\"heading.default\">\n\t\t\t\t<div class=\"elementor-widget-container\">\n\t\t\t\t\t<h2 class=\"elementor-heading-title elementor-size-default\">Soutenir la r\u00e9novation des maisons<\/h2>\t\t\t\t<\/div>\n\t\t\t\t<\/div>\n\t\t\t\t\t<\/div>\n\t\t<\/div>\n\t\t\t\t\t<\/div>\n\t\t<\/section>\n\t\t\t\t<section class=\"elementor-section elementor-top-section elementor-element elementor-element-23cb809 elementor-section-boxed elementor-section-height-default elementor-section-height-default\" data-id=\"23cb809\" data-element_type=\"section\" data-e-type=\"section\">\n\t\t\t\t\t\t<div class=\"elementor-container elementor-column-gap-default\">\n\t\t\t\t\t<div class=\"elementor-column elementor-col-100 elementor-top-column elementor-element elementor-element-d2e3341\" data-id=\"d2e3341\" data-element_type=\"column\" data-e-type=\"column\">\n\t\t\t<div class=\"elementor-widget-wrap elementor-element-populated\">\n\t\t\t\t\t\t<div class=\"elementor-element elementor-element-8279c0e elementor-widget elementor-widget-text-editor\" data-id=\"8279c0e\" data-element_type=\"widget\" data-e-type=\"widget\" data-widget_type=\"text-editor.default\">\n\t\t\t\t<div class=\"elementor-widget-container\">\n\t\t\t\t\t\t\t\t\t<p>La commission de construction de l&rsquo;APV (Altpfader:Innen Verein) a cr\u00e9\u00e9 un groupe de projet qui avance pas \u00e0 pas dans la planification et met en place le financement du projet. Un aper\u00e7u sommaire du projet se pr\u00e9sente comme suit : nouvelles installations sanitaires, nouvelle cuisine, nouveau concept d&rsquo;espace, etc.<\/p>\n<p>Une fois la phase de planification termin\u00e9e, nous pr\u00e9senterons le projet ici et mettrons \u00e0 jour la page apr\u00e8s chaque \u00e9tape importante, de sorte que les informations les plus r\u00e9centes soient accessibles \u00e0 tous.<\/p>\n<p>Voici les informations n\u00e9cessaires si tu souhaites nous soutenir :<\/p>\n<p><b>Financi\u00e8rement :<\/b><\/p>\n<p><i>CH83 8080 8005 8458 5929 5<\/i><\/p>\n<p><i>Coop\u00e9rative du foyer scout Orion<\/i><\/p>\n<p><i>chemin Paul-Robert 19<\/i><\/p>\n<p><i>2502 Biel\/Bienne<\/i><\/p>\n\t\t\t\t\t\t\t\t<\/div>\n\t\t\t\t<\/div>\n\t\t\t\t<div class=\"elementor-element elementor-element-cfbe56e elementor-align-center elementor-widget elementor-widget-button\" data-id=\"cfbe56e\" data-element_type=\"widget\" data-e-type=\"widget\" data-widget_type=\"button.default\">\n\t\t\t\t<div class=\"elementor-widget-container\">\n\t\t\t\t\t\t\t\t\t<div class=\"elementor-button-wrapper\">\n\t\t\t\t\t<a class=\"elementor-button elementor-button-link elementor-size-sm\" href=\"http:\/\/pfadiorionbiel.ch\/wp-content\/uploads\/2023\/10\/qr-Rechnung_neu.pdf\">\n\t\t\t\t\t\t<span class=\"elementor-button-content-wrapper\">\n\t\t\t\t\t\t<span class=\"elementor-button-icon\">\n\t\t\t\t<i aria-hidden=\"true\" class=\"fab fa-gratipay\"><\/i>\t\t\t<\/span>\n\t\t\t\t\t\t\t\t\t<span class=\"elementor-button-text\">Bulletin de versement \u00e9lectronique<\/span>\n\t\t\t\t\t<\/span>\n\t\t\t\t\t<\/a>\n\t\t\t\t<\/div>\n\t\t\t\t\t\t\t\t<\/div>\n\t\t\t\t<\/div>\n\t\t\t\t<div class=\"elementor-element elementor-element-fb3135b elementor-widget elementor-widget-text-editor\" data-id=\"fb3135b\" data-element_type=\"widget\" data-e-type=\"widget\" data-widget_type=\"text-editor.default\">\n\t\t\t\t<div class=\"elementor-widget-container\">\n\t\t\t\t\t\t\t\t\t<p>ou en <b>faisant des dons de mat\u00e9riel\/travail<\/b><br \/>Contact : Hanspeter Schlegel v\/o Mucki<br \/>Mail : <a href=\"mailto:heimgeno@pfadiorionbiel.ch\">heimgeno@pfadiorionbiel.ch<\/a><\/p>\n\t\t\t\t\t\t\t\t<\/div>\n\t\t\t\t<\/div>\n\t\t\t\t<div class=\"elementor-element elementor-element-cbbfd07 elementor-widget-divider--view-line elementor-widget elementor-widget-divider\" data-id=\"cbbfd07\" data-element_type=\"widget\" data-e-type=\"widget\" data-widget_type=\"divider.default\">\n\t\t\t\t<div class=\"elementor-widget-container\">\n\t\t\t\t\t\t\t<div class=\"elementor-divider\">\n\t\t\t<span class=\"elementor-divider-separator\">\n\t\t\t\t\t\t<\/span>\n\t\t<\/div>\n\t\t\t\t\t\t<\/div>\n\t\t\t\t<\/div>\n\t\t\t\t\t<\/div>\n\t\t<\/div>\n\t\t\t\t\t<\/div>\n\t\t<\/section>\n\t\t\t\t<section class=\"elementor-section elementor-top-section elementor-element elementor-element-a059010 elementor-section-boxed elementor-section-height-default elementor-section-height-default\" data-id=\"a059010\" data-element_type=\"section\" data-e-type=\"section\">\n\t\t\t\t\t\t\t<div class=\"elementor-background-overlay\"><\/div>\n\t\t\t\t\t\t\t<div class=\"elementor-container elementor-column-gap-default\">\n\t\t\t\t\t<div class=\"elementor-column elementor-col-100 elementor-top-column elementor-element elementor-element-339c8a0e\" data-id=\"339c8a0e\" data-element_type=\"column\" data-e-type=\"column\">\n\t\t\t<div class=\"elementor-widget-wrap elementor-element-populated\">\n\t\t\t\t\t\t<div class=\"elementor-element elementor-element-37f8057e elementor-widget elementor-widget-menu-anchor\" data-id=\"37f8057e\" data-element_type=\"widget\" data-e-type=\"widget\" data-widget_type=\"menu-anchor.default\">\n\t\t\t\t<div class=\"elementor-widget-container\">\n\t\t\t\t\t\t\t<div class=\"elementor-menu-anchor\" id=\"actualits\"><\/div>\n\t\t\t\t\t\t<\/div>\n\t\t\t\t<\/div>\n\t\t\t\t<div class=\"elementor-element elementor-element-4f8cc5c6 elementor-widget elementor-widget-heading\" data-id=\"4f8cc5c6\" data-element_type=\"widget\" data-e-type=\"widget\" data-widget_type=\"heading.default\">\n\t\t\t\t<div class=\"elementor-widget-container\">\n\t\t\t\t\t<h2 class=\"elementor-heading-title elementor-size-default\">Actualit\u00e9s sur la construction de logements<\/h2>\t\t\t\t<\/div>\n\t\t\t\t<\/div>\n\t\t\t\t\t<\/div>\n\t\t<\/div>\n\t\t\t\t\t<\/div>\n\t\t<\/section>\n\t\t\t\t<\/div>\n\t\t","protected":false},"excerpt":{"rendered":"<p>R\u00e9novation de la maison des scouts Nous transformons et pr\u00e9parons le foyer scout pour les prochaines d\u00e9cennies. Notre superbe maison scoute a besoin d&rsquo;une remise \u00e0 neuf et sera donc r\u00e9nov\u00e9e, assainie et transform\u00e9e. Nous souhaitons nous pr\u00e9parer pour l&rsquo;avenir et adapter le foyer scout d&rsquo;Orion \u00e0 notre \u00e9poque, afin&#8230;<\/p>\n","protected":false},"author":3,"featured_media":0,"parent":0,"menu_order":0,"comment_status":"closed","ping_status":"closed","template":"","meta":{"_monsterinsights_skip_tracking":false,"_monsterinsights_sitenote_active":false,"_monsterinsights_sitenote_note":"","_monsterinsights_sitenote_category":0,"footnotes":""},"class_list":["post-5327","page","type-page","status-publish","hentry"],"yoast_head":"<!-- This site is optimized with the Yoast SEO plugin v24.7 - https:\/\/yoast.com\/wordpress\/plugins\/seo\/ -->\n<title>R\u00e9novation de la maison des scouts - Pfadi Orion Biel<\/title>\n<meta name=\"robots\" content=\"index, follow, max-snippet:-1, max-image-preview:large, max-video-preview:-1\" \/>\n<link rel=\"canonical\" href=\"https:\/\/pfadiorionbiel.ch\/fr\/renovation-de-la-maison-des-scouts\/\" \/>\n<meta property=\"og:locale\" content=\"fr_FR\" \/>\n<meta property=\"og:type\" content=\"article\" \/>\n<meta property=\"og:title\" content=\"R\u00e9novation de la maison des scouts - Pfadi Orion Biel\" \/>\n<meta property=\"og:description\" content=\"R\u00e9novation de la maison des scouts Nous transformons et pr\u00e9parons le foyer scout pour les prochaines d\u00e9cennies. Notre superbe maison scoute a besoin d&rsquo;une remise \u00e0 neuf et sera donc r\u00e9nov\u00e9e, assainie et transform\u00e9e. Nous souhaitons nous pr\u00e9parer pour l&rsquo;avenir et adapter le foyer scout d&rsquo;Orion \u00e0 notre \u00e9poque, afin...\" \/>\n<meta property=\"og:url\" content=\"https:\/\/pfadiorionbiel.ch\/fr\/renovation-de-la-maison-des-scouts\/\" \/>\n<meta property=\"og:site_name\" content=\"Pfadi Orion Biel\" \/>\n<meta property=\"article:modified_time\" content=\"2024-10-30T17:59:27+00:00\" \/>\n<meta property=\"og:image\" content=\"https:\/\/pfadiorionbiel.ch\/wp-content\/uploads\/2023\/06\/Bild1-150x150.png\" \/>\n<meta name=\"twitter:card\" content=\"summary_large_image\" \/>\n<meta name=\"twitter:label1\" content=\"Dur\u00e9e de lecture estim\u00e9e\" \/>\n\t<meta name=\"twitter:data1\" content=\"1 minute\" \/>\n<script type=\"application\/ld+json\" class=\"yoast-schema-graph\">{\"@context\":\"https:\/\/schema.org\",\"@graph\":[{\"@type\":\"WebPage\",\"@id\":\"https:\/\/pfadiorionbiel.ch\/fr\/renovation-de-la-maison-des-scouts\/\",\"url\":\"https:\/\/pfadiorionbiel.ch\/fr\/renovation-de-la-maison-des-scouts\/\",\"name\":\"R\u00e9novation de la maison des scouts - Pfadi Orion Biel\",\"isPartOf\":{\"@id\":\"https:\/\/pfadiorionbiel.ch\/#website\"},\"primaryImageOfPage\":{\"@id\":\"https:\/\/pfadiorionbiel.ch\/fr\/renovation-de-la-maison-des-scouts\/#primaryimage\"},\"image\":{\"@id\":\"https:\/\/pfadiorionbiel.ch\/fr\/renovation-de-la-maison-des-scouts\/#primaryimage\"},\"thumbnailUrl\":\"https:\/\/pfadiorionbiel.ch\/wp-content\/uploads\/2023\/06\/Bild1-150x150.png\",\"datePublished\":\"2023-06-26T05:23:44+00:00\",\"dateModified\":\"2024-10-30T17:59:27+00:00\",\"breadcrumb\":{\"@id\":\"https:\/\/pfadiorionbiel.ch\/fr\/renovation-de-la-maison-des-scouts\/#breadcrumb\"},\"inLanguage\":\"fr-FR\",\"potentialAction\":[{\"@type\":\"ReadAction\",\"target\":[\"https:\/\/pfadiorionbiel.ch\/fr\/renovation-de-la-maison-des-scouts\/\"]}]},{\"@type\":\"ImageObject\",\"inLanguage\":\"fr-FR\",\"@id\":\"https:\/\/pfadiorionbiel.ch\/fr\/renovation-de-la-maison-des-scouts\/#primaryimage\",\"url\":\"https:\/\/pfadiorionbiel.ch\/wp-content\/uploads\/2023\/06\/Bild1-150x150.png\",\"contentUrl\":\"https:\/\/pfadiorionbiel.ch\/wp-content\/uploads\/2023\/06\/Bild1-150x150.png\"},{\"@type\":\"BreadcrumbList\",\"@id\":\"https:\/\/pfadiorionbiel.ch\/fr\/renovation-de-la-maison-des-scouts\/#breadcrumb\",\"itemListElement\":[{\"@type\":\"ListItem\",\"position\":1,\"name\":\"Startseite\",\"item\":\"https:\/\/pfadiorionbiel.ch\/fr\/\"},{\"@type\":\"ListItem\",\"position\":2,\"name\":\"R\u00e9novation de la maison des scouts\"}]},{\"@type\":\"WebSite\",\"@id\":\"https:\/\/pfadiorionbiel.ch\/#website\",\"url\":\"https:\/\/pfadiorionbiel.ch\/\",\"name\":\"Pfadi Orion Biel\",\"description\":\"Pfadi Orion Biel\",\"publisher\":{\"@id\":\"https:\/\/pfadiorionbiel.ch\/#organization\"},\"potentialAction\":[{\"@type\":\"SearchAction\",\"target\":{\"@type\":\"EntryPoint\",\"urlTemplate\":\"https:\/\/pfadiorionbiel.ch\/?s={search_term_string}\"},\"query-input\":{\"@type\":\"PropertyValueSpecification\",\"valueRequired\":true,\"valueName\":\"search_term_string\"}}],\"inLanguage\":\"fr-FR\"},{\"@type\":\"Organization\",\"@id\":\"https:\/\/pfadiorionbiel.ch\/#organization\",\"name\":\"Pfadi Orion Biel\",\"url\":\"https:\/\/pfadiorionbiel.ch\/\",\"logo\":{\"@type\":\"ImageObject\",\"inLanguage\":\"fr-FR\",\"@id\":\"https:\/\/pfadiorionbiel.ch\/#\/schema\/logo\/image\/\",\"url\":\"https:\/\/pfadiorionbiel.ch\/wp-content\/uploads\/2023\/03\/cropped-cropped-512px.png\",\"contentUrl\":\"https:\/\/pfadiorionbiel.ch\/wp-content\/uploads\/2023\/03\/cropped-cropped-512px.png\",\"width\":512,\"height\":512,\"caption\":\"Pfadi Orion Biel\"},\"image\":{\"@id\":\"https:\/\/pfadiorionbiel.ch\/#\/schema\/logo\/image\/\"},\"sameAs\":[\"https:\/\/www.instagram.com\/pfadi_orion_biel\"]}]}<\/script>\n<!-- \/ Yoast SEO plugin. -->","yoast_head_json":{"title":"R\u00e9novation de la maison des scouts - Pfadi Orion Biel","robots":{"index":"index","follow":"follow","max-snippet":"max-snippet:-1","max-image-preview":"max-image-preview:large","max-video-preview":"max-video-preview:-1"},"canonical":"https:\/\/pfadiorionbiel.ch\/fr\/renovation-de-la-maison-des-scouts\/","og_locale":"fr_FR","og_type":"article","og_title":"R\u00e9novation de la maison des scouts - Pfadi Orion Biel","og_description":"R\u00e9novation de la maison des scouts Nous transformons et pr\u00e9parons le foyer scout pour les prochaines d\u00e9cennies. Notre superbe maison scoute a besoin d&rsquo;une remise \u00e0 neuf et sera donc r\u00e9nov\u00e9e, assainie et transform\u00e9e. Nous souhaitons nous pr\u00e9parer pour l&rsquo;avenir et adapter le foyer scout d&rsquo;Orion \u00e0 notre \u00e9poque, afin...","og_url":"https:\/\/pfadiorionbiel.ch\/fr\/renovation-de-la-maison-des-scouts\/","og_site_name":"Pfadi Orion Biel","article_modified_time":"2024-10-30T17:59:27+00:00","og_image":[{"url":"https:\/\/pfadiorionbiel.ch\/wp-content\/uploads\/2023\/06\/Bild1-150x150.png","type":"","width":"","height":""}],"twitter_card":"summary_large_image","twitter_misc":{"Dur\u00e9e de lecture estim\u00e9e":"1 minute"},"schema":{"@context":"https:\/\/schema.org","@graph":[{"@type":"WebPage","@id":"https:\/\/pfadiorionbiel.ch\/fr\/renovation-de-la-maison-des-scouts\/","url":"https:\/\/pfadiorionbiel.ch\/fr\/renovation-de-la-maison-des-scouts\/","name":"R\u00e9novation de la maison des scouts - Pfadi Orion Biel","isPartOf":{"@id":"https:\/\/pfadiorionbiel.ch\/#website"},"primaryImageOfPage":{"@id":"https:\/\/pfadiorionbiel.ch\/fr\/renovation-de-la-maison-des-scouts\/#primaryimage"},"image":{"@id":"https:\/\/pfadiorionbiel.ch\/fr\/renovation-de-la-maison-des-scouts\/#primaryimage"},"thumbnailUrl":"https:\/\/pfadiorionbiel.ch\/wp-content\/uploads\/2023\/06\/Bild1-150x150.png","datePublished":"2023-06-26T05:23:44+00:00","dateModified":"2024-10-30T17:59:27+00:00","breadcrumb":{"@id":"https:\/\/pfadiorionbiel.ch\/fr\/renovation-de-la-maison-des-scouts\/#breadcrumb"},"inLanguage":"fr-FR","potentialAction":[{"@type":"ReadAction","target":["https:\/\/pfadiorionbiel.ch\/fr\/renovation-de-la-maison-des-scouts\/"]}]},{"@type":"ImageObject","inLanguage":"fr-FR","@id":"https:\/\/pfadiorionbiel.ch\/fr\/renovation-de-la-maison-des-scouts\/#primaryimage","url":"https:\/\/pfadiorionbiel.ch\/wp-content\/uploads\/2023\/06\/Bild1-150x150.png","contentUrl":"https:\/\/pfadiorionbiel.ch\/wp-content\/uploads\/2023\/06\/Bild1-150x150.png"},{"@type":"BreadcrumbList","@id":"https:\/\/pfadiorionbiel.ch\/fr\/renovation-de-la-maison-des-scouts\/#breadcrumb","itemListElement":[{"@type":"ListItem","position":1,"name":"Startseite","item":"https:\/\/pfadiorionbiel.ch\/fr\/"},{"@type":"ListItem","position":2,"name":"R\u00e9novation de la maison des scouts"}]},{"@type":"WebSite","@id":"https:\/\/pfadiorionbiel.ch\/#website","url":"https:\/\/pfadiorionbiel.ch\/","name":"Pfadi Orion Biel","description":"Pfadi Orion Biel","publisher":{"@id":"https:\/\/pfadiorionbiel.ch\/#organization"},"potentialAction":[{"@type":"SearchAction","target":{"@type":"EntryPoint","urlTemplate":"https:\/\/pfadiorionbiel.ch\/?s={search_term_string}"},"query-input":{"@type":"PropertyValueSpecification","valueRequired":true,"valueName":"search_term_string"}}],"inLanguage":"fr-FR"},{"@type":"Organization","@id":"https:\/\/pfadiorionbiel.ch\/#organization","name":"Pfadi Orion Biel","url":"https:\/\/pfadiorionbiel.ch\/","logo":{"@type":"ImageObject","inLanguage":"fr-FR","@id":"https:\/\/pfadiorionbiel.ch\/#\/schema\/logo\/image\/","url":"https:\/\/pfadiorionbiel.ch\/wp-content\/uploads\/2023\/03\/cropped-cropped-512px.png","contentUrl":"https:\/\/pfadiorionbiel.ch\/wp-content\/uploads\/2023\/03\/cropped-cropped-512px.png","width":512,"height":512,"caption":"Pfadi Orion Biel"},"image":{"@id":"https:\/\/pfadiorionbiel.ch\/#\/schema\/logo\/image\/"},"sameAs":["https:\/\/www.instagram.com\/pfadi_orion_biel"]}]}},"publishpress_future_workflow_manual_trigger":{"enabledWorkflows":[]},"_links":{"self":[{"href":"https:\/\/pfadiorionbiel.ch\/fr\/wp-json\/wp\/v2\/pages\/5327","targetHints":{"allow":["GET"]}}],"collection":[{"href":"https:\/\/pfadiorionbiel.ch\/fr\/wp-json\/wp\/v2\/pages"}],"about":[{"href":"https:\/\/pfadiorionbiel.ch\/fr\/wp-json\/wp\/v2\/types\/page"}],"author":[{"embeddable":true,"href":"https:\/\/pfadiorionbiel.ch\/fr\/wp-json\/wp\/v2\/users\/3"}],"replies":[{"embeddable":true,"href":"https:\/\/pfadiorionbiel.ch\/fr\/wp-json\/wp\/v2\/comments?post=5327"}],"version-history":[{"count":8,"href":"https:\/\/pfadiorionbiel.ch\/fr\/wp-json\/wp\/v2\/pages\/5327\/revisions"}],"predecessor-version":[{"id":10290,"href":"https:\/\/pfadiorionbiel.ch\/fr\/wp-json\/wp\/v2\/pages\/5327\/revisions\/10290"}],"wp:attachment":[{"href":"https:\/\/pfadiorionbiel.ch\/fr\/wp-json\/wp\/v2\/media?parent=5327"}],"curies":[{"name":"wp","href":"https:\/\/api.w.org\/{rel}","templated":true}]}}